{"id":18,"date":"2022-03-12T16:42:17","date_gmt":"2022-03-12T16:42:17","guid":{"rendered":"http:\/\/ziarnoprawdy.pl\/?page_id=18"},"modified":"2022-11-17T13:12:13","modified_gmt":"2022-11-17T13:12:13","slug":"kontakt","status":"publish","type":"page","link":"https:\/\/ziarnoprawdy.pl\/index.php\/kontakt\/","title":{"rendered":"Kontakt"},"content":{"rendered":"<p align=\"center\">Ziarno Prawdy<\/p>\n<p align=\"center\">ul. Kazikowskiego 25<\/p>\n<p align=\"center\">05-300 Mi\u0144sk Mazowiecki<\/p>\n<p align=\"center\">Telefon czynny od poniedzia\u0142ku do pi\u0105tku, godz. 10:00-15:00.<\/p>\n<p align=\"center\">603 125 929<\/p>\n<p align=\"center\">redakcja@ziarnoprawdy.pl<\/p>\n","protected":false},"excerpt":{"rendered":"<p>Ziarno Prawdy ul. Kazikowskiego 25 05-300 Mi\u0144sk Mazowiecki Telefon czynny od poniedzia\u0142ku do pi\u0105tku, godz. 10:00-15:00. 603 125 929 redakcja@ziarnoprawdy.pl<\/p>\n","protected":false},"author":1,"featured_media":0,"parent":0,"menu_order":0,"comment_status":"closed","ping_status":"closed","template":"","meta":{"neve_meta_sidebar":"","neve_meta_container":"","neve_meta_enable_content_width":"off","neve_meta_content_width":100,"neve_meta_title_alignment":"","neve_meta_author_avatar":"","neve_post_elements_order":"","neve_meta_disable_header":"","neve_meta_disable_footer":"","neve_meta_disable_title":"","footnotes":""},"class_list":["post-18","page","type-page","status-publish","hentry"],"_links":{"self":[{"href":"https:\/\/ziarnoprawdy.pl\/index.php\/wp-json\/wp\/v2\/pages\/18","targetHints":{"allow":["GET"]}}],"collection":[{"href":"https:\/\/ziarnoprawdy.pl\/index.php\/wp-json\/wp\/v2\/pages"}],"about":[{"href":"https:\/\/ziarnoprawdy.pl\/index.php\/wp-json\/wp\/v2\/types\/page"}],"author":[{"embeddable":true,"href":"https:\/\/ziarnoprawdy.pl\/index.php\/wp-json\/wp\/v2\/users\/1"}],"replies":[{"embeddable":true,"href":"https:\/\/ziarnoprawdy.pl\/index.php\/wp-json\/wp\/v2\/comments?post=18"}],"version-history":[{"count":3,"href":"https:\/\/ziarnoprawdy.pl\/index.php\/wp-json\/wp\/v2\/pages\/18\/revisions"}],"predecessor-version":[{"id":241,"href":"https:\/\/ziarnoprawdy.pl\/index.php\/wp-json\/wp\/v2\/pages\/18\/revisions\/241"}],"wp:attachment":[{"href":"https:\/\/ziarnoprawdy.pl\/index.php\/wp-json\/wp\/v2\/media?parent=18"}],"curies":[{"name":"wp","href":"https:\/\/api.w.org\/{rel}","templated":true}]}}