{"id":206,"date":"2022-08-18T11:18:16","date_gmt":"2022-08-18T11:18:16","guid":{"rendered":"http:\/\/ziarnoprawdy.pl\/index.php\/strona-glowna\/"},"modified":"2022-08-18T11:18:16","modified_gmt":"2022-08-18T11:18:16","slug":"strona-glowna","status":"publish","type":"page","link":"https:\/\/ziarnoprawdy.pl\/index.php\/strona-glowna\/","title":{"rendered":"Strona g\u0142\u00f3wna"},"content":{"rendered":"\n\t\t\t<div class=\"wp-block-cover\" style=\"background-image:url(https:\/\/ziarnoprawdy.pl\/wp-content\/uploads\/2022\/08\/other-small.jpg)\"><div class=\"wp-block-cover__inner-container is-layout-flow wp-block-cover-is-layout-flow\">\n\t\t\t<p class=\"has-text-align-center has-large-font-size\">Witamy w sklepie<\/p>\n\t\t\t\n\n\t\t\t\n\t\t\t<p class=\"has-text-color has-text-align-center\">Napisz kr\u00f3tk\u0105 wiadomo\u015b\u0107 powitaln\u0105<\/p>\n\t\t\t\n\n\t\t\t\n\t\t\t<div class=\"wp-block-button aligncenter\"><a href=\"http:\/\/ziarnoprawdy.pl\/index.php\/sklep\/\" class=\"wp-block-button__link\">Przejd\u017a do zakup\u00f3w<\/a><\/div>\n\t\t\t<\/div><\/div>\n\t\t\t\n\t\t\n\t\t<h2 class=\"wp-block-heading\" style=\"text-align:center\">Nowe produkty<\/h2>\n\t\t\n\n\t\t \n\t\t\t<div class=\"wp-block-media-text alignwide has-media-on-the-right\"\"><figure class=\"wp-block-media-text__media\"><img loading=\"lazy\" decoding=\"async\" width=\"1920\" height=\"1280\" src=\"https:\/\/ziarnoprawdy.pl\/wp-content\/uploads\/2022\/08\/other-small.jpg\" alt=\"\" class=\"wp-image-207\" srcset=\"https:\/\/ziarnoprawdy.pl\/wp-content\/uploads\/2022\/08\/other-small.jpg 1920w, https:\/\/ziarnoprawdy.pl\/wp-content\/uploads\/2022\/08\/other-small-600x400.jpg 600w, https:\/\/ziarnoprawdy.pl\/wp-content\/uploads\/2022\/08\/other-small-300x200.jpg 300w, https:\/\/ziarnoprawdy.pl\/wp-content\/uploads\/2022\/08\/other-small-1024x683.jpg 1024w, https:\/\/ziarnoprawdy.pl\/wp-content\/uploads\/2022\/08\/other-small-768x512.jpg 768w, https:\/\/ziarnoprawdy.pl\/wp-content\/uploads\/2022\/08\/other-small-1536x1024.jpg 1536w, https:\/\/ziarnoprawdy.pl\/wp-content\/uploads\/2022\/08\/other-small-930x620.jpg 930w, https:\/\/ziarnoprawdy.pl\/wp-content\/uploads\/2022\/08\/other-small-1320x880.jpg 1320w\" sizes=\"auto, (max-width: 1920px) 100vw, 1920px\" \/><\/figure><div class=\"wp-block-media-text__content\">\n\t\t\t<p class=\"has-large-font-size\"><\/p>\n\t\t\t<\/div><\/div>\n\t\t\t\n\t\t\t<div class=\"wp-block-media-text alignwide\"\"><figure class=\"wp-block-media-text__media\"><img loading=\"lazy\" decoding=\"async\" width=\"1920\" height=\"1280\" src=\"https:\/\/ziarnoprawdy.pl\/wp-content\/uploads\/2022\/08\/other-small.jpg\" alt=\"\" class=\"wp-image-207\" srcset=\"https:\/\/ziarnoprawdy.pl\/wp-content\/uploads\/2022\/08\/other-small.jpg 1920w, https:\/\/ziarnoprawdy.pl\/wp-content\/uploads\/2022\/08\/other-small-600x400.jpg 600w, https:\/\/ziarnoprawdy.pl\/wp-content\/uploads\/2022\/08\/other-small-300x200.jpg 300w, https:\/\/ziarnoprawdy.pl\/wp-content\/uploads\/2022\/08\/other-small-1024x683.jpg 1024w, https:\/\/ziarnoprawdy.pl\/wp-content\/uploads\/2022\/08\/other-small-768x512.jpg 768w, https:\/\/ziarnoprawdy.pl\/wp-content\/uploads\/2022\/08\/other-small-1536x1024.jpg 1536w, https:\/\/ziarnoprawdy.pl\/wp-content\/uploads\/2022\/08\/other-small-930x620.jpg 930w, https:\/\/ziarnoprawdy.pl\/wp-content\/uploads\/2022\/08\/other-small-1320x880.jpg 1320w\" sizes=\"auto, (max-width: 1920px) 100vw, 1920px\" \/><\/figure><div class=\"wp-block-media-text__content\">\n\t\t\t<p class=\"has-large-font-size\"><\/p>\n\t\t\t<\/div><\/div>\n\t\t\t\n\t\t\t<div class=\"wp-block-media-text alignwide has-media-on-the-right\"\"><figure class=\"wp-block-media-text__media\"><img loading=\"lazy\" decoding=\"async\" width=\"1920\" height=\"1280\" src=\"https:\/\/ziarnoprawdy.pl\/wp-content\/uploads\/2022\/08\/other-small.jpg\" alt=\"\" class=\"wp-image-207\" srcset=\"https:\/\/ziarnoprawdy.pl\/wp-content\/uploads\/2022\/08\/other-small.jpg 1920w, https:\/\/ziarnoprawdy.pl\/wp-content\/uploads\/2022\/08\/other-small-600x400.jpg 600w, https:\/\/ziarnoprawdy.pl\/wp-content\/uploads\/2022\/08\/other-small-300x200.jpg 300w, https:\/\/ziarnoprawdy.pl\/wp-content\/uploads\/2022\/08\/other-small-1024x683.jpg 1024w, https:\/\/ziarnoprawdy.pl\/wp-content\/uploads\/2022\/08\/other-small-768x512.jpg 768w, https:\/\/ziarnoprawdy.pl\/wp-content\/uploads\/2022\/08\/other-small-1536x1024.jpg 1536w, https:\/\/ziarnoprawdy.pl\/wp-content\/uploads\/2022\/08\/other-small-930x620.jpg 930w, https:\/\/ziarnoprawdy.pl\/wp-content\/uploads\/2022\/08\/other-small-1320x880.jpg 1320w\" sizes=\"auto, (max-width: 1920px) 100vw, 1920px\" \/><\/figure><div class=\"wp-block-media-text__content\">\n\t\t\t<p class=\"has-large-font-size\"><\/p>\n\t\t\t<\/div><\/div>\n\t\t\t\n\n\t\t","protected":false},"excerpt":{"rendered":"<p>Nowe produkty<\/p>\n","protected":false},"author":1,"featured_media":0,"parent":0,"menu_order":0,"comment_status":"closed","ping_status":"closed","template":"","meta":{"neve_meta_sidebar":"","neve_meta_container":"","neve_meta_enable_content_width":"","neve_meta_content_width":0,"neve_meta_title_alignment":"","neve_meta_author_avatar":"","neve_post_elements_order":"","neve_meta_disable_header":"","neve_meta_disable_footer":"","neve_meta_disable_title":"","footnotes":""},"class_list":["post-206","page","type-page","status-publish","hentry"],"_links":{"self":[{"href":"https:\/\/ziarnoprawdy.pl\/index.php\/wp-json\/wp\/v2\/pages\/206","targetHints":{"allow":["GET"]}}],"collection":[{"href":"https:\/\/ziarnoprawdy.pl\/index.php\/wp-json\/wp\/v2\/pages"}],"about":[{"href":"https:\/\/ziarnoprawdy.pl\/index.php\/wp-json\/wp\/v2\/types\/page"}],"author":[{"embeddable":true,"href":"https:\/\/ziarnoprawdy.pl\/index.php\/wp-json\/wp\/v2\/users\/1"}],"replies":[{"embeddable":true,"href":"https:\/\/ziarnoprawdy.pl\/index.php\/wp-json\/wp\/v2\/comments?post=206"}],"version-history":[{"count":1,"href":"https:\/\/ziarnoprawdy.pl\/index.php\/wp-json\/wp\/v2\/pages\/206\/revisions"}],"predecessor-version":[{"id":208,"href":"https:\/\/ziarnoprawdy.pl\/index.php\/wp-json\/wp\/v2\/pages\/206\/revisions\/208"}],"wp:attachment":[{"href":"https:\/\/ziarnoprawdy.pl\/index.php\/wp-json\/wp\/v2\/media?parent=206"}],"curies":[{"name":"wp","href":"https:\/\/api.w.org\/{rel}","templated":true}]}}